{"id":2787,"date":"2025-04-28T19:57:58","date_gmt":"2025-04-28T19:57:58","guid":{"rendered":"https:\/\/primeperformpro.com\/?page_id=2787"},"modified":"2025-05-05T16:32:54","modified_gmt":"2025-05-05T16:32:54","slug":"pagina-de-carga","status":"publish","type":"page","link":"https:\/\/primeperformpro.com\/en\/pagina-de-carga\/","title":{"rendered":"Paquete Prohibido &#8211; N1 Completo"},"content":{"rendered":"<div data-elementor-type=\"wp-page\" data-elementor-id=\"2787\" class=\"elementor elementor-2787\" data-elementor-post-type=\"page\">\n\t\t\t\t\t\t<section class=\"elementor-section elementor-top-section elementor-element elementor-element-3724468 elementor-section-boxed elementor-section-height-default elementor-section-height-default wpr-particle-no wpr-jarallax-no wpr-parallax-no wpr-sticky-section-no wpr-equal-height-no\" data-id=\"3724468\" data-element_type=\"section\" data-e-type=\"section\" data-settings=\"{&quot;background_background&quot;:&quot;classic&quot;}\">\n\t\t\t\t\t\t<div class=\"elementor-container elementor-column-gap-default\">\n\t\t\t\t\t<div class=\"elementor-column elementor-col-100 elementor-top-column elementor-element elementor-element-ab9afc3\" data-id=\"ab9afc3\" data-element_type=\"column\" data-e-type=\"column\">\n\t\t\t<div class=\"elementor-widget-wrap elementor-element-populated\">\n\t\t\t\t\t\t<section class=\"elementor-section elementor-inner-section elementor-element elementor-element-8b4b663 elementor-section-content-middle elementor-section-boxed elementor-section-height-default elementor-section-height-default wpr-particle-no wpr-jarallax-no wpr-parallax-no wpr-sticky-section-no wpr-equal-height-no\" data-id=\"8b4b663\" data-element_type=\"section\" data-e-type=\"section\">\n\t\t\t\t\t\t<div class=\"elementor-container elementor-column-gap-default\">\n\t\t\t\t\t<div class=\"elementor-column elementor-col-50 elementor-inner-column elementor-element elementor-element-5d1cef8\" data-id=\"5d1cef8\" data-element_type=\"column\" data-e-type=\"column\">\n\t\t\t<div class=\"elementor-widget-wrap elementor-element-populated\">\n\t\t\t\t\t\t<div class=\"elementor-element elementor-element-ff81e52 elementor-widget elementor-widget-image\" data-id=\"ff81e52\" data-element_type=\"widget\" data-e-type=\"widget\" data-widget_type=\"image.default\">\n\t\t\t\t<div class=\"elementor-widget-container\">\n\t\t\t\t\t\t\t\t\t\t\t\t\t\t\t<img decoding=\"async\" width=\"150\" height=\"150\" src=\"https:\/\/primeperformpro.com\/wp-content\/uploads\/2025\/04\/Animation-1745868489849.gif\" class=\"attachment-large size-large wp-image-2789\" alt=\"\" \/>\t\t\t\t\t\t\t\t\t\t\t\t\t\t\t<\/div>\n\t\t\t\t<\/div>\n\t\t\t\t\t<\/div>\n\t\t<\/div>\n\t\t\t\t<div class=\"elementor-column elementor-col-50 elementor-inner-column elementor-element elementor-element-f834d50\" data-id=\"f834d50\" data-element_type=\"column\" data-e-type=\"column\">\n\t\t\t<div class=\"elementor-widget-wrap elementor-element-populated\">\n\t\t\t\t\t\t<div class=\"elementor-element elementor-element-666f29b elementor-widget__width-initial elementor-widget elementor-widget-heading\" data-id=\"666f29b\" data-element_type=\"widget\" data-e-type=\"widget\" data-widget_type=\"heading.default\">\n\t\t\t\t<div class=\"elementor-widget-container\">\n\t\t\t\t\t<h2 class=\"elementor-heading-title elementor-size-default\"><b>Congratulations, Warrior!\ud83e\udd73 <\/b><\/h2>\t\t\t\t<\/div>\n\t\t\t\t<\/div>\n\t\t\t\t\t<\/div>\n\t\t<\/div>\n\t\t\t\t\t<\/div>\n\t\t<\/section>\n\t\t\t\t<div class=\"elementor-element elementor-element-45329a4 elementor-widget__width-initial elementor-widget elementor-widget-heading\" data-id=\"45329a4\" data-element_type=\"widget\" data-e-type=\"widget\" data-widget_type=\"heading.default\">\n\t\t\t\t<div class=\"elementor-widget-container\">\n\t\t\t\t\t<h2 class=\"elementor-heading-title elementor-size-default\">You have completed Level 1: The Mental Formula of Unstoppable Desire<\/h2>\t\t\t\t<\/div>\n\t\t\t\t<\/div>\n\t\t\t\t<div class=\"elementor-element elementor-element-ad91cb0 elementor-widget elementor-widget-spacer\" data-id=\"ad91cb0\" data-element_type=\"widget\" data-e-type=\"widget\" data-widget_type=\"spacer.default\">\n\t\t\t\t<div class=\"elementor-widget-container\">\n\t\t\t\t\t\t\t<div class=\"elementor-spacer\">\n\t\t\t<div class=\"elementor-spacer-inner\"><\/div>\n\t\t<\/div>\n\t\t\t\t\t\t<\/div>\n\t\t\t\t<\/div>\n\t\t\t\t<div class=\"elementor-element elementor-element-460effd elementor-widget__width-initial elementor-widget elementor-widget-heading\" data-id=\"460effd\" data-element_type=\"widget\" data-e-type=\"widget\" data-widget_type=\"heading.default\">\n\t\t\t\t<div class=\"elementor-widget-container\">\n\t\t\t\t\t<h2 class=\"elementor-heading-title elementor-size-default\">\ud83e\udde0 Your mind is no longer the same. \ud83d\udd25 You&#039;ve taken the first step toward a more powerful version of yourself.\n<\/h2>\t\t\t\t<\/div>\n\t\t\t\t<\/div>\n\t\t\t\t<div class=\"elementor-element elementor-element-27f7751 elementor-widget elementor-widget-spacer\" data-id=\"27f7751\" data-element_type=\"widget\" data-e-type=\"widget\" data-widget_type=\"spacer.default\">\n\t\t\t\t<div class=\"elementor-widget-container\">\n\t\t\t\t\t\t\t<div class=\"elementor-spacer\">\n\t\t\t<div class=\"elementor-spacer-inner\"><\/div>\n\t\t<\/div>\n\t\t\t\t\t\t<\/div>\n\t\t\t\t<\/div>\n\t\t\t\t<section class=\"elementor-section elementor-inner-section elementor-element elementor-element-304c3a0 elementor-section-content-middle elementor-section-boxed elementor-section-height-default elementor-section-height-default wpr-particle-no wpr-jarallax-no wpr-parallax-no wpr-sticky-section-no wpr-equal-height-no\" data-id=\"304c3a0\" data-element_type=\"section\" data-e-type=\"section\">\n\t\t\t\t\t\t<div class=\"elementor-container elementor-column-gap-default\">\n\t\t\t\t\t<div class=\"elementor-column elementor-col-50 elementor-inner-column elementor-element elementor-element-3c873be\" data-id=\"3c873be\" data-element_type=\"column\" data-e-type=\"column\">\n\t\t\t<div class=\"elementor-widget-wrap elementor-element-populated\">\n\t\t\t\t\t\t<div class=\"elementor-element elementor-element-27dd7b8 elementor-widget__width-initial elementor-widget elementor-widget-heading\" data-id=\"27dd7b8\" data-element_type=\"widget\" data-e-type=\"widget\" data-widget_type=\"heading.default\">\n\t\t\t\t<div class=\"elementor-widget-container\">\n\t\t\t\t\t<h2 class=\"elementor-heading-title elementor-size-default\">\ud83c\udfaf What comes next... will blow your mind. &gt;&gt;&gt;&gt;&gt;<\/h2>\t\t\t\t<\/div>\n\t\t\t\t<\/div>\n\t\t\t\t\t<\/div>\n\t\t<\/div>\n\t\t\t\t<div class=\"elementor-column elementor-col-50 elementor-inner-column elementor-element elementor-element-1c0d8cf\" data-id=\"1c0d8cf\" data-element_type=\"column\" data-e-type=\"column\">\n\t\t\t<div class=\"elementor-widget-wrap elementor-element-populated\">\n\t\t\t\t\t\t<div class=\"elementor-element elementor-element-23f11fd elementor-widget__width-initial elementor-widget elementor-widget-heading\" data-id=\"23f11fd\" data-element_type=\"widget\" data-e-type=\"widget\" data-widget_type=\"heading.default\">\n\t\t\t\t<div class=\"elementor-widget-container\">\n\t\t\t\t\t<h2 class=\"elementor-heading-title elementor-size-default\"><b>\ud83d\udd12 Level 2:<\/b> The Female Sex Commandos Blacklist is about to be unlocked.<\/h2>\t\t\t\t<\/div>\n\t\t\t\t<\/div>\n\t\t\t\t\t<\/div>\n\t\t<\/div>\n\t\t\t\t\t<\/div>\n\t\t<\/section>\n\t\t\t\t<div class=\"elementor-element elementor-element-3ca531c elementor-widget elementor-widget-spacer\" data-id=\"3ca531c\" data-element_type=\"widget\" data-e-type=\"widget\" data-widget_type=\"spacer.default\">\n\t\t\t\t<div class=\"elementor-widget-container\">\n\t\t\t\t\t\t\t<div class=\"elementor-spacer\">\n\t\t\t<div class=\"elementor-spacer-inner\"><\/div>\n\t\t<\/div>\n\t\t\t\t\t\t<\/div>\n\t\t\t\t<\/div>\n\t\t\t\t<div class=\"elementor-element elementor-element-e2409a8 elementor-widget__width-initial elementor-widget elementor-widget-heading\" data-id=\"e2409a8\" data-element_type=\"widget\" data-e-type=\"widget\" data-widget_type=\"heading.default\">\n\t\t\t\t<div class=\"elementor-widget-container\">\n\t\t\t\t\t<h2 class=\"elementor-heading-title elementor-size-default\">25 phrases designed to break her logic, excite her to the limit, and leave her programmed to beg for you. With just one of these... you&#039;ll be unforgettable.<\/h2>\t\t\t\t<\/div>\n\t\t\t\t<\/div>\n\t\t\t\t<div class=\"elementor-element elementor-element-54b6c61 elementor-widget elementor-widget-spacer\" data-id=\"54b6c61\" data-element_type=\"widget\" data-e-type=\"widget\" data-widget_type=\"spacer.default\">\n\t\t\t\t<div class=\"elementor-widget-container\">\n\t\t\t\t\t\t\t<div class=\"elementor-spacer\">\n\t\t\t<div class=\"elementor-spacer-inner\"><\/div>\n\t\t<\/div>\n\t\t\t\t\t\t<\/div>\n\t\t\t\t<\/div>\n\t\t\t\t<div class=\"elementor-element elementor-element-5735f68 elementor-widget elementor-widget-spacer\" data-id=\"5735f68\" data-element_type=\"widget\" data-e-type=\"widget\" data-widget_type=\"spacer.default\">\n\t\t\t\t<div class=\"elementor-widget-container\">\n\t\t\t\t\t\t\t<div class=\"elementor-spacer\">\n\t\t\t<div class=\"elementor-spacer-inner\"><\/div>\n\t\t<\/div>\n\t\t\t\t\t\t<\/div>\n\t\t\t\t<\/div>\n\t\t\t\t\t<\/div>\n\t\t<\/div>\n\t\t\t\t\t<\/div>\n\t\t<\/section>\n\t\t\t\t<section class=\"elementor-section elementor-top-section elementor-element elementor-element-1038927 elementor-section-boxed elementor-section-height-default elementor-section-height-default wpr-particle-no wpr-jarallax-no wpr-parallax-no wpr-sticky-section-no wpr-equal-height-no\" data-id=\"1038927\" data-element_type=\"section\" data-e-type=\"section\">\n\t\t\t\t\t\t<div class=\"elementor-container elementor-column-gap-default\">\n\t\t\t\t\t<div class=\"elementor-column elementor-col-100 elementor-top-column elementor-element elementor-element-ce05f77\" data-id=\"ce05f77\" data-element_type=\"column\" data-e-type=\"column\">\n\t\t\t<div class=\"elementor-widget-wrap elementor-element-populated\">\n\t\t\t\t\t\t<div class=\"elementor-element elementor-element-3b13cbc elementor-widget elementor-widget-heading\" data-id=\"3b13cbc\" data-element_type=\"widget\" data-e-type=\"widget\" data-widget_type=\"heading.default\">\n\t\t\t\t<div class=\"elementor-widget-container\">\n\t\t\t\t\t<h2 class=\"elementor-heading-title elementor-size-default\"><b>\u23f3Loading Level 2...<\/b><\/h2>\t\t\t\t<\/div>\n\t\t\t\t<\/div>\n\t\t\t\t<div class=\"elementor-element elementor-element-717f750 elementor-widget elementor-widget-ucaddon_linear_progress_bar\" data-id=\"717f750\" data-element_type=\"widget\" data-e-type=\"widget\" data-widget_type=\"ucaddon_linear_progress_bar.default\">\n\t\t\t\t<div class=\"elementor-widget-container\">\n\t\t\t\t\t\n<!-- start Linear Progress Bar -->\n<style>\/* widget: Linear Progress Bar *\/\n\n\/*border-bar-counter*\/\n\n#uc_linear_progress_bar_elementor_717f750.blox-border-bar-counter .blox-border-bar{\n  \tborder-top: 0px solid #eeeeee;\n}\n\n#uc_linear_progress_bar_elementor_717f750 .blox-bar-heading{\n\tdisplay:flex;\n    align-items:center;\n    justify-content:space-between;\n\t} \n\n\n\n#uc_linear_progress_bar_elementor_717f750 .blox-bar-row{\n\tpadding-bottom:10px;\n\t}\n\n#uc_linear_progress_bar_elementor_717f750 .blox-bar-heading{\n\toverflow:hidden;\n\t}\n#uc_linear_progress_bar_elementor_717f750 .blox-border-bar{\n\tdisplay:block;\n\twidth:100%;\n  \toverflow: hidden;\n\t}\n#uc_linear_progress_bar_elementor_717f750 .blox-border-progress-bar{\n\tdisplay:block;\n\twidth: 0;\n\t-webkit-transition: width 0.5s ease;\n       -o-transition: width 0.5s ease;\n          transition: width 0.5s ease;\n\t}\n\n\n#uc_linear_progress_bar_elementor_717f750 .blox-border-progress-bar{\n\tdisplay:block;\n\twidth: 0;\n\t-webkit-transition: width 0.5s ease;\n       -o-transition: width 0.5s ease;\n          transition: width 0.5s ease;\n\t}\n\n<\/style>\n\n<div class=\"blox-border-bar-counter\" id=\"uc_linear_progress_bar_elementor_717f750\">\n\t<div class=\"blox-bar-row progress-new progress-all\" role=\"progressbar\" data-goal=\"100\" data-speed=\"100\">\n        <div class=\"blox-bar-heading\">\n            <div class=\"blox-bar-title\"><\/div>\n            <div class=\"blox-border-bar-percentage progressnew__label\" style=\"color:#FFFFFF;\"><\/div>\n        <\/div>\n        <div class=\"blox-border-bar\" style=\"background-color:#eeeeee;\">\n            <div class=\"blox-border-progress-bar progressnew__bar\" ><\/div>\n        <\/div>\n    <\/div>\n<\/div>\n<!-- end Linear Progress Bar -->\t\t\t\t<\/div>\n\t\t\t\t<\/div>\n\t\t\t\t\t<\/div>\n\t\t<\/div>\n\t\t\t\t\t<\/div>\n\t\t<\/section>\n\t\t\t\t<section class=\"elementor-section elementor-top-section elementor-element elementor-element-f55e5bd elementor-section-height-min-height elementor-section-items-bottom elementor-section-content-bottom elementor-section-boxed elementor-section-height-default wpr-particle-no wpr-jarallax-no wpr-parallax-no wpr-sticky-section-no wpr-equal-height-no\" data-id=\"f55e5bd\" data-element_type=\"section\" data-e-type=\"section\">\n\t\t\t\t\t\t<div class=\"elementor-container elementor-column-gap-default\">\n\t\t\t\t\t<div class=\"elementor-column elementor-col-100 elementor-top-column elementor-element elementor-element-9407392\" data-id=\"9407392\" data-element_type=\"column\" data-e-type=\"column\">\n\t\t\t<div class=\"elementor-widget-wrap elementor-element-populated\">\n\t\t\t\t\t\t<div class=\"elementor-element elementor-element-31e33aa elementor-widget elementor-widget-heading\" data-id=\"31e33aa\" data-element_type=\"widget\" data-e-type=\"widget\" data-widget_type=\"heading.default\">\n\t\t\t\t<div class=\"elementor-widget-container\">\n\t\t\t\t\t<h2 class=\"elementor-heading-title elementor-size-default\">\u2705 Ready to continue?<\/h2>\t\t\t\t<\/div>\n\t\t\t\t<\/div>\n\t\t\t\t<div class=\"elementor-element elementor-element-d7af4ce elementor-align-center elementor-widget elementor-widget-button\" data-id=\"d7af4ce\" data-element_type=\"widget\" data-e-type=\"widget\" data-widget_type=\"button.default\">\n\t\t\t\t<div class=\"elementor-widget-container\">\n\t\t\t\t\t\t\t\t\t<div class=\"elementor-button-wrapper\">\n\t\t\t\t\t<a class=\"elementor-button elementor-button-link elementor-size-sm elementor-animation-bob\" href=\"https:\/\/primeperformpro.com\/en\/landing-nivel-2-la-lista-negra-de-comandos-sexuales-femeninos\/\">\n\t\t\t\t\t\t<span class=\"elementor-button-content-wrapper\">\n\t\t\t\t\t\t\t\t\t<span class=\"elementor-button-text\">\ud83d\udd13 UNLOCK LEVEL 2<\/span>\n\t\t\t\t\t<\/span>\n\t\t\t\t\t<\/a>\n\t\t\t\t<\/div>\n\t\t\t\t\t\t\t\t<\/div>\n\t\t\t\t<\/div>\n\t\t\t\t\t<\/div>\n\t\t<\/div>\n\t\t\t\t\t<\/div>\n\t\t<\/section>\n\t\t\t\t<\/div>","protected":false},"excerpt":{"rendered":"<p>\u00a1Felicidades, Guerrero!\ud83e\udd73 Has completado el Nivel 1: La F\u00f3rmula Mental del Deseo Imparable \ud83e\udde0 Tu mente ya no es la misma. \ud83d\udd25 Has dado el primer paso hacia una versi\u00f3n m\u00e1s poderosa de ti mismo. \ud83c\udfaf Lo que viene a continuaci\u00f3n&#8230; te va a volar la cabeza. &gt;&gt;&gt;&gt;&gt; \ud83d\udd12 El Nivel 2: La Lista Negra de Comandos Sexuales Femeninos est\u00e1 a punto de desbloquearse. 25 frases dise\u00f1adas para romper su l\u00f3gica, excitarla al l\u00edmite y dejarla programada para rogarte. Con solo una de estas\u2026 vas a ser inolvidable. \u23f3Cargando el Nivel 2&#8230; \u2705 \u00bfListo para continuar? \ud83d\udd13 DESBLOQUEAR EL NIVEL 2<\/p>","protected":false},"author":1,"featured_media":0,"parent":0,"menu_order":0,"comment_status":"closed","ping_status":"closed","template":"elementor_canvas","meta":{"footnotes":""},"class_list":["post-2787","page","type-page","status-publish","hentry"],"_links":{"self":[{"href":"https:\/\/primeperformpro.com\/en\/wp-json\/wp\/v2\/pages\/2787","targetHints":{"allow":["GET"]}}],"collection":[{"href":"https:\/\/primeperformpro.com\/en\/wp-json\/wp\/v2\/pages"}],"about":[{"href":"https:\/\/primeperformpro.com\/en\/wp-json\/wp\/v2\/types\/page"}],"author":[{"embeddable":true,"href":"https:\/\/primeperformpro.com\/en\/wp-json\/wp\/v2\/users\/1"}],"replies":[{"embeddable":true,"href":"https:\/\/primeperformpro.com\/en\/wp-json\/wp\/v2\/comments?post=2787"}],"version-history":[{"count":0,"href":"https:\/\/primeperformpro.com\/en\/wp-json\/wp\/v2\/pages\/2787\/revisions"}],"wp:attachment":[{"href":"https:\/\/primeperformpro.com\/en\/wp-json\/wp\/v2\/media?parent=2787"}],"curies":[{"name":"wp","href":"https:\/\/api.w.org\/{rel}","templated":true}]}}