{"id":2334,"date":"2025-04-16T20:24:00","date_gmt":"2025-04-16T20:24:00","guid":{"rendered":"https:\/\/primeperformpro.com\/?page_id=2334"},"modified":"2025-06-20T17:26:06","modified_gmt":"2025-06-20T17:26:06","slug":"gracias","status":"publish","type":"page","link":"https:\/\/primeperformpro.com\/en\/gracias\/","title":{"rendered":"Pagina Gracias Espa\u00f1ol sin bonos"},"content":{"rendered":"<div data-elementor-type=\"wp-page\" data-elementor-id=\"2334\" class=\"elementor elementor-2334\" data-elementor-post-type=\"page\">\n\t\t\t\t\t\t<section class=\"elementor-section elementor-top-section elementor-element elementor-element-193c24d elementor-section-height-min-height elementor-section-boxed elementor-section-height-default elementor-section-items-middle wpr-particle-no wpr-jarallax-no wpr-parallax-no wpr-sticky-section-no wpr-equal-height-no\" data-id=\"193c24d\" data-element_type=\"section\" data-e-type=\"section\" data-settings=\"{&quot;background_background&quot;:&quot;classic&quot;}\">\n\t\t\t\t\t\t<div class=\"elementor-container elementor-column-gap-default\">\n\t\t\t\t\t<div class=\"elementor-column elementor-col-100 elementor-top-column elementor-element elementor-element-fdcbe28\" data-id=\"fdcbe28\" data-element_type=\"column\" data-e-type=\"column\">\n\t\t\t<div class=\"elementor-widget-wrap elementor-element-populated\">\n\t\t\t\t\t\t<div class=\"elementor-element elementor-element-3f52f15 elementor-widget elementor-widget-image\" data-id=\"3f52f15\" data-element_type=\"widget\" data-e-type=\"widget\" data-widget_type=\"image.default\">\n\t\t\t\t<div class=\"elementor-widget-container\">\n\t\t\t\t\t\t\t\t\t\t\t\t\t\t\t<img decoding=\"async\" width=\"192\" height=\"192\" src=\"https:\/\/primeperformpro.com\/wp-content\/uploads\/2024\/09\/ty-check-2280663.webp\" class=\"attachment-large size-large wp-image-1157\" alt=\"\" srcset=\"https:\/\/primeperformpro.com\/wp-content\/uploads\/2024\/09\/ty-check-2280663.webp 192w, https:\/\/primeperformpro.com\/wp-content\/uploads\/2024\/09\/ty-check-2280663-150x150.webp 150w\" sizes=\"(max-width: 192px) 100vw, 192px\" \/>\t\t\t\t\t\t\t\t\t\t\t\t\t\t\t<\/div>\n\t\t\t\t<\/div>\n\t\t\t\t<div class=\"elementor-element elementor-element-a62477f elementor-widget elementor-widget-image\" data-id=\"a62477f\" data-element_type=\"widget\" data-e-type=\"widget\" data-widget_type=\"image.default\">\n\t\t\t\t<div class=\"elementor-widget-container\">\n\t\t\t\t\t\t\t\t\t\t\t\t\t\t\t<img decoding=\"async\" width=\"192\" height=\"192\" src=\"https:\/\/primeperformpro.com\/wp-content\/uploads\/2024\/09\/ty-check-2280663.webp\" class=\"attachment-large size-large wp-image-1157\" alt=\"\" srcset=\"https:\/\/primeperformpro.com\/wp-content\/uploads\/2024\/09\/ty-check-2280663.webp 192w, https:\/\/primeperformpro.com\/wp-content\/uploads\/2024\/09\/ty-check-2280663-150x150.webp 150w\" sizes=\"(max-width: 192px) 100vw, 192px\" \/>\t\t\t\t\t\t\t\t\t\t\t\t\t\t\t<\/div>\n\t\t\t\t<\/div>\n\t\t\t\t<div class=\"elementor-element elementor-element-5f76fdd elementor-widget elementor-widget-heading\" data-id=\"5f76fdd\" data-element_type=\"widget\" data-e-type=\"widget\" data-widget_type=\"heading.default\">\n\t\t\t\t<div class=\"elementor-widget-container\">\n\t\t\t\t\t<h2 class=\"elementor-heading-title elementor-size-default\">Thank you for your Prime Perform purchase!\n\n<\/h2>\t\t\t\t<\/div>\n\t\t\t\t<\/div>\n\t\t\t\t<div class=\"elementor-element elementor-element-8914170 elementor-widget elementor-widget-heading\" data-id=\"8914170\" data-element_type=\"widget\" data-e-type=\"widget\" data-widget_type=\"heading.default\">\n\t\t\t\t<div class=\"elementor-widget-container\">\n\t\t\t\t\t<h2 class=\"elementor-heading-title elementor-size-default\">This is your personal members&#039; area. Please read it carefully.\n\n\n\n<\/h2>\t\t\t\t<\/div>\n\t\t\t\t<\/div>\n\t\t\t\t<div class=\"elementor-element elementor-element-3bae2e6 elementor-widget elementor-widget-heading\" data-id=\"3bae2e6\" data-element_type=\"widget\" data-e-type=\"widget\" data-widget_type=\"heading.default\">\n\t\t\t\t<div class=\"elementor-widget-container\">\n\t\t\t\t\t<h2 class=\"elementor-heading-title elementor-size-default\"><p>\n  We&#039;re here to help whenever you need us. No matter what questions or problems you have, don&#039;t hesitate to contact us by writing to \n  <a href=\"mailto:Support@primeperform.com\" class=\"email-link\">Support@primeperform.com<\/a> \ud83d\udce9.<br>\n  We will respond with a detailed explanation as soon as possible.\n<\/p>\n\n<\/h2>\t\t\t\t<\/div>\n\t\t\t\t<\/div>\n\t\t\t\t\t<\/div>\n\t\t<\/div>\n\t\t\t\t\t<\/div>\n\t\t<\/section>\n\t\t\t\t<section class=\"elementor-section elementor-top-section elementor-element elementor-element-78e7d80 elementor-section-height-min-height elementor-section-boxed elementor-section-height-default elementor-section-items-middle wpr-particle-no wpr-jarallax-no wpr-parallax-no wpr-sticky-section-no wpr-equal-height-no\" data-id=\"78e7d80\" data-element_type=\"section\" data-e-type=\"section\" data-settings=\"{&quot;shape_divider_top&quot;:&quot;arrow&quot;}\">\n\t\t\t\t\t<div class=\"elementor-shape elementor-shape-top\" aria-hidden=\"true\" data-negative=\"false\">\n\t\t\t<svg xmlns=\"http:\/\/www.w3.org\/2000\/svg\" viewbox=\"0 0 700 10\" preserveaspectratio=\"none\">\n\t<path class=\"elementor-shape-fill\" d=\"M350,10L340,0h20L350,10z\"\/>\n<\/svg>\t\t<\/div>\n\t\t\t\t\t<div class=\"elementor-container elementor-column-gap-default\">\n\t\t\t\t\t<div class=\"elementor-column elementor-col-100 elementor-top-column elementor-element elementor-element-2d169fd\" data-id=\"2d169fd\" data-element_type=\"column\" data-e-type=\"column\">\n\t\t\t<div class=\"elementor-widget-wrap elementor-element-populated\">\n\t\t\t\t\t\t<section class=\"elementor-section elementor-inner-section elementor-element elementor-element-fb0164f elementor-section-boxed elementor-section-height-default elementor-section-height-default wpr-particle-no wpr-jarallax-no wpr-parallax-no wpr-sticky-section-no wpr-equal-height-no\" data-id=\"fb0164f\" data-element_type=\"section\" data-e-type=\"section\">\n\t\t\t\t\t\t<div class=\"elementor-container elementor-column-gap-default\">\n\t\t\t\t\t<div class=\"elementor-column elementor-col-50 elementor-inner-column elementor-element elementor-element-267d45c\" data-id=\"267d45c\" data-element_type=\"column\" data-e-type=\"column\">\n\t\t\t<div class=\"elementor-widget-wrap elementor-element-populated\">\n\t\t\t\t\t\t<div class=\"elementor-element elementor-element-8c43979 elementor-widget elementor-widget-image\" data-id=\"8c43979\" data-element_type=\"widget\" data-e-type=\"widget\" data-widget_type=\"image.default\">\n\t\t\t\t<div class=\"elementor-widget-container\">\n\t\t\t\t\t\t\t\t\t\t\t\t\t\t\t<img fetchpriority=\"high\" decoding=\"async\" width=\"563\" height=\"403\" src=\"https:\/\/primeperformpro.com\/wp-content\/uploads\/2025\/04\/webd-36-1.webp\" class=\"attachment-large size-large wp-image-2195\" alt=\"\" srcset=\"https:\/\/primeperformpro.com\/wp-content\/uploads\/2025\/04\/webd-36-1.webp 563w, https:\/\/primeperformpro.com\/wp-content\/uploads\/2025\/04\/webd-36-1-300x215.webp 300w\" sizes=\"(max-width: 563px) 100vw, 563px\" \/>\t\t\t\t\t\t\t\t\t\t\t\t\t\t\t<\/div>\n\t\t\t\t<\/div>\n\t\t\t\t\t<\/div>\n\t\t<\/div>\n\t\t\t\t<div class=\"elementor-column elementor-col-50 elementor-inner-column elementor-element elementor-element-af409de\" data-id=\"af409de\" data-element_type=\"column\" data-e-type=\"column\">\n\t\t\t<div class=\"elementor-widget-wrap elementor-element-populated\">\n\t\t\t\t\t\t<div class=\"elementor-element elementor-element-97aaaa0 elementor-widget elementor-widget-heading\" data-id=\"97aaaa0\" data-element_type=\"widget\" data-e-type=\"widget\" data-widget_type=\"heading.default\">\n\t\t\t\t<div class=\"elementor-widget-container\">\n\t\t\t\t\t<h2 class=\"elementor-heading-title elementor-size-default\">Get details about your order here:\n<\/h2>\t\t\t\t<\/div>\n\t\t\t\t<\/div>\n\t\t\t\t<div class=\"elementor-element elementor-element-113dbfd elementor-widget elementor-widget-heading\" data-id=\"113dbfd\" data-element_type=\"widget\" data-e-type=\"widget\" data-widget_type=\"heading.default\">\n\t\t\t\t<div class=\"elementor-widget-container\">\n\t\t\t\t\t<h2 class=\"elementor-heading-title elementor-size-default\">All orders placed Monday through Friday ship within 1-2 business days.\n<br><br>\nWeekend orders ship Monday morning. FREE standard shipping in the United States (3-7 business days).\n<br><br>\nInternational Shipping: (10-15 business days)\n<br><br>\n<b>Within 60 hours, you&#039;ll receive an email with your tracking ID and a personalized link that will allow you to check your shipment at any time.<\/b><\/h2>\t\t\t\t<\/div>\n\t\t\t\t<\/div>\n\t\t\t\t\t<\/div>\n\t\t<\/div>\n\t\t\t\t\t<\/div>\n\t\t<\/section>\n\t\t\t\t\t<\/div>\n\t\t<\/div>\n\t\t\t\t\t<\/div>\n\t\t<\/section>\n\t\t\t\t<section class=\"elementor-section elementor-top-section elementor-element elementor-element-884d761 elementor-section-boxed elementor-section-height-default elementor-section-height-default wpr-particle-no wpr-jarallax-no wpr-parallax-no wpr-sticky-section-no wpr-equal-height-no\" data-id=\"884d761\" data-element_type=\"section\" data-e-type=\"section\">\n\t\t\t\t\t\t<div class=\"elementor-container elementor-column-gap-default\">\n\t\t\t\t\t<div class=\"elementor-column elementor-col-100 elementor-top-column elementor-element elementor-element-145e704\" data-id=\"145e704\" data-element_type=\"column\" data-e-type=\"column\" data-settings=\"{&quot;background_background&quot;:&quot;classic&quot;}\">\n\t\t\t<div class=\"elementor-widget-wrap elementor-element-populated\">\n\t\t\t\t\t\t<div class=\"elementor-element elementor-element-76a167d elementor-widget elementor-widget-text-editor\" data-id=\"76a167d\" data-element_type=\"widget\" data-e-type=\"widget\" data-widget_type=\"text-editor.default\">\n\t\t\t\t<div class=\"elementor-widget-container\">\n\t\t\t\t\t\t\t\t\t<p><strong>About Your Privacy:<\/strong><\/p><p>We guarantee your privacy. Your bank statement will only show one charge from DigiStore24. If you purchased multiple products, you will see &quot;DigiStore24&quot; multiple times on your bank statement, depending on the number of items purchased and the amount spent on each item.<\/p><p><strong>Your 60-Day Satisfaction Guarantee:<\/strong><\/p><p>Remember, you&#039;re protected by 100%&#039;s 60-day, no-questions-asked Money-Back Guarantee. This means that, for any reason, if you&#039;re not satisfied with your purchase, you can request a refund at any time within 60 days of purchase. We&#039;re happy when our customers are happy. If our program isn&#039;t right for you, just let us know!<\/p><p><strong>How to Return the Product:<\/strong><\/p><p>Refund Procedure: If you wish to request a refund, you only need to follow a few simple steps. Please read the entire procedure before requesting a refund.<\/p><p><strong>Step 1:<\/strong>\u00a0The simplest thing of all: Go <strong><span style=\"text-decoration: underline;\"><a href=\"https:\/\/primeperformpro.com\/en\/politica-de-reembolso\/\">HERE<\/a><\/span><\/strong> and follow the on-screen instructions to request a refund. (Note: If you want a refund for multiple items, repeat the procedure for each one.)<\/p><p><strong>Step 2:\u00a0<\/strong>We&#039;ll refund your money as quickly as possible and send you a refund confirmation email. Your money will be back in your bank account within a few days.<\/p>\t\t\t\t\t\t\t\t<\/div>\n\t\t\t\t<\/div>\n\t\t\t\t\t<\/div>\n\t\t<\/div>\n\t\t\t\t\t<\/div>\n\t\t<\/section>\n\t\t\t\t<section class=\"elementor-section elementor-top-section elementor-element elementor-element-7669a02 elementor-section-height-min-height elementor-section-boxed elementor-section-height-default elementor-section-items-middle wpr-particle-no wpr-jarallax-no wpr-parallax-no wpr-sticky-section-no wpr-equal-height-no\" data-id=\"7669a02\" data-element_type=\"section\" data-e-type=\"section\" data-settings=\"{&quot;background_background&quot;:&quot;classic&quot;}\">\n\t\t\t\t\t\t<div class=\"elementor-container elementor-column-gap-default\">\n\t\t\t\t\t<div class=\"elementor-column elementor-col-100 elementor-top-column elementor-element elementor-element-27403d6\" data-id=\"27403d6\" data-element_type=\"column\" data-e-type=\"column\">\n\t\t\t<div class=\"elementor-widget-wrap elementor-element-populated\">\n\t\t\t\t\t\t<div class=\"elementor-element elementor-element-34155ec elementor-nav-menu__align-center elementor-nav-menu--dropdown-none elementor-widget elementor-widget-nav-menu\" data-id=\"34155ec\" data-element_type=\"widget\" data-e-type=\"widget\" data-settings=\"{&quot;layout&quot;:&quot;horizontal&quot;,&quot;submenu_icon&quot;:{&quot;value&quot;:&quot;&lt;i class=\\&quot;fas fa-caret-down\\&quot; aria-hidden=\\&quot;true\\&quot;&gt;&lt;\\\/i&gt;&quot;,&quot;library&quot;:&quot;fa-solid&quot;}}\" data-widget_type=\"nav-menu.default\">\n\t\t\t\t<div class=\"elementor-widget-container\">\n\t\t\t\t\t\t\t\t<nav aria-label=\"Menu\" class=\"elementor-nav-menu--main elementor-nav-menu__container elementor-nav-menu--layout-horizontal e--pointer-none\">\r\n\t\t\t\t<ul id=\"menu-1-34155ec\" class=\"elementor-nav-menu\"><li class=\"menu-item menu-item-type-custom menu-item-object-custom menu-item-407\"><a href=\"https:\/\/primeperformpro.com\/en\/contacto-espanol\/\" class=\"elementor-item\">Contact<\/a><\/li>\n<li class=\"menu-item menu-item-type-custom menu-item-object-custom menu-item-408\"><a href=\"https:\/\/primeperformpro.com\/en\/referencias\/\" class=\"elementor-item\">References<\/a><\/li>\n<li class=\"menu-item menu-item-type-custom menu-item-object-custom menu-item-409\"><a href=\"https:\/\/primeperformpro.com\/en\/condiciones-de-uso-espanol\/\" class=\"elementor-item\">Terms of Use<\/a><\/li>\n<li class=\"menu-item menu-item-type-custom menu-item-object-custom menu-item-410\"><a href=\"https:\/\/primeperformpro.com\/en\/descargo-de-responsabilidad-espanol\/\" class=\"elementor-item\">Disclaimer<\/a><\/li>\n<li class=\"menu-item menu-item-type-custom menu-item-object-custom menu-item-411\"><a href=\"https:\/\/primeperformpro.com\/en\/politica-de-privacidad-espanol\/\" class=\"elementor-item\">Privacy Policy<\/a><\/li>\n<li class=\"menu-item menu-item-type-custom menu-item-object-custom menu-item-412\"><a href=\"https:\/\/primeperformpro.com\/en\/politica-de-envios\/\" class=\"elementor-item\">Shipping Policy<\/a><\/li>\n<li class=\"menu-item menu-item-type-custom menu-item-object-custom menu-item-413\"><a href=\"https:\/\/primeperformpro.com\/en\/politica-de-reembolso\/\" class=\"elementor-item\">Refund Policy<\/a><\/li>\n<li class=\"menu-item menu-item-type-custom menu-item-object-custom menu-item-1462\"><a href=\"https:\/\/primeperformpro.com\/en\/label\/\" class=\"elementor-item\">Label<\/a><\/li>\n<\/ul>\t\t\t<\/nav>\r\n\t\t\t\t\t\t<nav class=\"elementor-nav-menu--dropdown elementor-nav-menu__container\" aria-hidden=\"true\">\r\n\t\t\t\t<ul id=\"menu-2-34155ec\" class=\"elementor-nav-menu\"><li class=\"menu-item menu-item-type-custom menu-item-object-custom menu-item-407\"><a href=\"https:\/\/primeperformpro.com\/en\/contacto-espanol\/\" class=\"elementor-item\" tabindex=\"-1\">Contact<\/a><\/li>\n<li class=\"menu-item menu-item-type-custom menu-item-object-custom menu-item-408\"><a href=\"https:\/\/primeperformpro.com\/en\/referencias\/\" class=\"elementor-item\" tabindex=\"-1\">References<\/a><\/li>\n<li class=\"menu-item menu-item-type-custom menu-item-object-custom menu-item-409\"><a href=\"https:\/\/primeperformpro.com\/en\/condiciones-de-uso-espanol\/\" class=\"elementor-item\" tabindex=\"-1\">Terms of Use<\/a><\/li>\n<li class=\"menu-item menu-item-type-custom menu-item-object-custom menu-item-410\"><a href=\"https:\/\/primeperformpro.com\/en\/descargo-de-responsabilidad-espanol\/\" class=\"elementor-item\" tabindex=\"-1\">Disclaimer<\/a><\/li>\n<li class=\"menu-item menu-item-type-custom menu-item-object-custom menu-item-411\"><a href=\"https:\/\/primeperformpro.com\/en\/politica-de-privacidad-espanol\/\" class=\"elementor-item\" tabindex=\"-1\">Privacy Policy<\/a><\/li>\n<li class=\"menu-item menu-item-type-custom menu-item-object-custom menu-item-412\"><a href=\"https:\/\/primeperformpro.com\/en\/politica-de-envios\/\" class=\"elementor-item\" tabindex=\"-1\">Shipping Policy<\/a><\/li>\n<li class=\"menu-item menu-item-type-custom menu-item-object-custom menu-item-413\"><a href=\"https:\/\/primeperformpro.com\/en\/politica-de-reembolso\/\" class=\"elementor-item\" tabindex=\"-1\">Refund Policy<\/a><\/li>\n<li class=\"menu-item menu-item-type-custom menu-item-object-custom menu-item-1462\"><a href=\"https:\/\/primeperformpro.com\/en\/label\/\" class=\"elementor-item\" tabindex=\"-1\">Label<\/a><\/li>\n<\/ul>\t\t\t<\/nav>\r\n\t\t\t\t\t\t<\/div>\n\t\t\t\t<\/div>\n\t\t\t\t\t<\/div>\n\t\t<\/div>\n\t\t\t\t\t<\/div>\n\t\t<\/section>\n\t\t\t\t<section class=\"elementor-section elementor-top-section elementor-element elementor-element-6d9c20f elementor-section-height-min-height elementor-section-content-middle elementor-section-boxed elementor-section-height-default elementor-section-items-middle wpr-particle-no wpr-jarallax-no wpr-parallax-no wpr-sticky-section-no wpr-equal-height-no\" data-id=\"6d9c20f\" data-element_type=\"section\" data-e-type=\"section\">\n\t\t\t\t\t\t<div class=\"elementor-container elementor-column-gap-default\">\n\t\t\t\t\t<div class=\"elementor-column elementor-col-100 elementor-top-column elementor-element elementor-element-ac07f5c elementor-hidden-tablet\" data-id=\"ac07f5c\" data-element_type=\"column\" data-e-type=\"column\">\n\t\t\t<div class=\"elementor-widget-wrap elementor-element-populated\">\n\t\t\t\t\t\t<div class=\"elementor-element elementor-element-4458390 elementor-widget elementor-widget-text-editor\" data-id=\"4458390\" data-element_type=\"widget\" data-e-type=\"widget\" data-widget_type=\"text-editor.default\">\n\t\t\t\t<div class=\"elementor-widget-container\">\n\t\t\t\t\t\t\t\t\t<p>The statements contained on this website have not been evaluated by the Food and Drug Administration. These products are not intended to diagnose, treat, cure, or prevent any disease. If you are pregnant, nursing, taking medication, or have a medical condition, consult your physician before using our products.<\/p>\t\t\t\t\t\t\t\t<\/div>\n\t\t\t\t<\/div>\n\t\t\t\t\t<\/div>\n\t\t<\/div>\n\t\t\t\t\t<\/div>\n\t\t<\/section>\n\t\t\t\t<section class=\"elementor-section elementor-top-section elementor-element elementor-element-2932b41 elementor-section-height-min-height elementor-section-boxed elementor-section-height-default elementor-section-items-middle wpr-particle-no wpr-jarallax-no wpr-parallax-no wpr-sticky-section-no wpr-equal-height-no\" data-id=\"2932b41\" data-element_type=\"section\" data-e-type=\"section\" data-settings=\"{&quot;background_background&quot;:&quot;classic&quot;}\">\n\t\t\t\t\t\t<div class=\"elementor-container elementor-column-gap-default\">\n\t\t\t\t\t<div class=\"elementor-column elementor-col-100 elementor-top-column elementor-element elementor-element-2e217ac\" data-id=\"2e217ac\" data-element_type=\"column\" data-e-type=\"column\">\n\t\t\t<div class=\"elementor-widget-wrap elementor-element-populated\">\n\t\t\t\t\t\t<div class=\"elementor-element elementor-element-61a642c elementor-widget elementor-widget-text-editor\" data-id=\"61a642c\" data-element_type=\"widget\" data-e-type=\"widget\" data-widget_type=\"text-editor.default\">\n\t\t\t\t<div class=\"elementor-widget-container\">\n\t\t\t\t\t\t\t\t\t<p>Copyright \u00a9 2024\u00a0<strong>Prime Perform<\/strong>\u00a0| All Rights Reserved<\/p>\t\t\t\t\t\t\t\t<\/div>\n\t\t\t\t<\/div>\n\t\t\t\t\t<\/div>\n\t\t<\/div>\n\t\t\t\t\t<\/div>\n\t\t<\/section>\n\t\t\t\t<section class=\"elementor-section elementor-top-section elementor-element elementor-element-99261d9 elementor-section-height-min-height elementor-section-content-middle elementor-section-boxed elementor-section-height-default elementor-section-items-middle wpr-particle-no wpr-jarallax-no wpr-parallax-no wpr-sticky-section-no wpr-equal-height-no\" data-id=\"99261d9\" data-element_type=\"section\" data-e-type=\"section\">\n\t\t\t\t\t\t<div class=\"elementor-container elementor-column-gap-default\">\n\t\t\t\t\t<div class=\"elementor-column elementor-col-100 elementor-top-column elementor-element elementor-element-c44d6c3 elementor-hidden-tablet\" data-id=\"c44d6c3\" data-element_type=\"column\" data-e-type=\"column\">\n\t\t\t<div class=\"elementor-widget-wrap elementor-element-populated\">\n\t\t\t\t\t\t<div class=\"elementor-element elementor-element-96f3679 elementor-widget elementor-widget-text-editor\" data-id=\"96f3679\" data-element_type=\"widget\" data-e-type=\"widget\" data-widget_type=\"text-editor.default\">\n\t\t\t\t<div class=\"elementor-widget-container\">\n\t\t\t\t\t\t\t\t\t<p>2024 \u00a9 Digistore24 Inc. (USA) Inc. and\/or its licensors. Please review the legal terms of use.\u00a0<a href=\"https:\/\/www.digistore24.com\/info\/terms\/2?lang=en\" target=\"_blank\" rel=\"noopener\"><b>here<\/b><\/a><a href=\"https:\/\/www.digistore24.com\/info\/terms\/2?lang=en\">\u00a0<\/a>and the privacy policy\u00a0<a href=\"https:\/\/www.digistore24.com\/info\/privacy\/2?lang=en\">here\u00a0<\/a>. Contact us\u00a0<a href=\"https:\/\/www.digistore24.com\/info\/contact\/2?lang=en\" target=\"_blank\" rel=\"noopener\"><b>here<\/b>\u00a0<\/a>.<\/p>\t\t\t\t\t\t\t\t<\/div>\n\t\t\t\t<\/div>\n\t\t\t\t\t<\/div>\n\t\t<\/div>\n\t\t\t\t\t<\/div>\n\t\t<\/section>\n\t\t\t\t<\/div>","protected":false},"excerpt":{"rendered":"<p>\u00a1Gracias por tu compra de Prime Perform! Este es tu \u00e1rea personal de miembros. Por favor, l\u00e9elo con atenci\u00f3n. Estamos aqu\u00ed para ayudarte siempre que lo necesites. No importa qu\u00e9 preguntas o problemas tengas, no dudes en contactarnos escribiendo a Support@primeperform.com \ud83d\udce9. Te responderemos con una explicaci\u00f3n detallada lo antes posible. Obt\u00e9n detalles sobre tu pedido aqu\u00ed: Todos los pedidos realizados de lunes a viernes se env\u00edan dentro de 1-2 d\u00edas h\u00e1biles. Los pedidos del fin de semana se env\u00edan el lunes por la ma\u00f1ana. Env\u00edo est\u00e1ndar GRATIS en Estados Unidos: (3 a 7 d\u00edas h\u00e1biles) Env\u00edo internacional: (10-15 d\u00edas h\u00e1biles) En un m\u00e1ximo de 60 horas, recibir\u00e1s un correo electr\u00f3nico con tu ID de seguimiento de env\u00edo y un enlace personalizado que te permitir\u00e1 verificar tu env\u00edo en cualquier momento. Acerca de Tu Privacidad: Garantizamos tu privacidad. Tu estado de cuenta bancario solo mostrar\u00e1 un cargo de DigiStore24. Si compraste m\u00e1s productos, encontrar\u00e1s &#8220;DigiStore24&#8221; varias veces, seg\u00fan la cantidad de art\u00edculos comprados, en el estado de cuenta bancario, y el monto gastado en cada uno. Tu Garant\u00eda de Satisfacci\u00f3n de 60 D\u00edas: Recuerda que est\u00e1s protegido por una Garant\u00eda de Devoluci\u00f3n de Dinero del 100% durante 60 d\u00edas, sin preguntas. Esto significa que, por cualquier raz\u00f3n, si no est\u00e1s satisfecho con tu compra, puedes solicitarnos un reembolso en cualquier momento durante los 60 d\u00edas siguientes a tu compra. Nosotros estamos felices cuando nuestros clientes est\u00e1n felices. \u00a1Si nuestro programa no se adapta a ti, h\u00e1znoslo saber! C\u00f3mo Devolver el Producto: Procedimiento de reembolso: Si deseas solicitar un reembolso, solo tienes que seguir unos sencillos pasos. Por favor, lee todo el procedimiento antes de solicitar el reembolso. Paso 1:\u00a0Lo m\u00e1s simple de todo: Ve AQU\u00cd y sigue las instrucciones en pantalla para solicitar un reembolso. (Nota: Si deseas obtener un reembolso para varios art\u00edculos, repite el procedimiento para cada uno) Paso 2:\u00a0Te devolveremos tu dinero en el menor tiempo posible y te enviaremos un correo electr\u00f3nico de confirmaci\u00f3n de reembolso. En unos d\u00edas, tu dinero estar\u00e1 de vuelta en tu cuenta bancaria. Las declaraciones contenidas en este sitio web no han sido evaluadas por la Administraci\u00f3n de Alimentos y Medicamentos. Los productos no est\u00e1n destinados a diagnosticar, tratar, curar o prevenir ninguna enfermedad. Si est\u00e1 embarazada, amamantando, tomando medicamentos o tiene una condici\u00f3n m\u00e9dica, consulte a su m\u00e9dico antes de usar nuestros productos. Copyright \u00a9 2024\u00a0Prime Perform\u00a0| Todos Los Derechos Reservados 2024 \u00a9 Digistore24 Inc. (Estados Unidos) Inc. y\/o sus licenciantes. Revise los t\u00e9rminos legales de uso\u00a0aqu\u00ed\u00a0y la pol\u00edtica de privacidad\u00a0aqu\u00ed\u00a0. Cont\u00e1ctanos\u00a0aqu\u00ed\u00a0.<\/p>","protected":false},"author":1,"featured_media":0,"parent":0,"menu_order":110,"comment_status":"closed","ping_status":"closed","template":"elementor_canvas","meta":{"footnotes":""},"class_list":["post-2334","page","type-page","status-publish","hentry"],"_links":{"self":[{"href":"https:\/\/primeperformpro.com\/en\/wp-json\/wp\/v2\/pages\/2334","targetHints":{"allow":["GET"]}}],"collection":[{"href":"https:\/\/primeperformpro.com\/en\/wp-json\/wp\/v2\/pages"}],"about":[{"href":"https:\/\/primeperformpro.com\/en\/wp-json\/wp\/v2\/types\/page"}],"author":[{"embeddable":true,"href":"https:\/\/primeperformpro.com\/en\/wp-json\/wp\/v2\/users\/1"}],"replies":[{"embeddable":true,"href":"https:\/\/primeperformpro.com\/en\/wp-json\/wp\/v2\/comments?post=2334"}],"version-history":[{"count":6,"href":"https:\/\/primeperformpro.com\/en\/wp-json\/wp\/v2\/pages\/2334\/revisions"}],"predecessor-version":[{"id":4041,"href":"https:\/\/primeperformpro.com\/en\/wp-json\/wp\/v2\/pages\/2334\/revisions\/4041"}],"wp:attachment":[{"href":"https:\/\/primeperformpro.com\/en\/wp-json\/wp\/v2\/media?parent=2334"}],"curies":[{"name":"wp","href":"https:\/\/api.w.org\/{rel}","templated":true}]}}