{"id":1248,"date":"2024-10-17T14:58:59","date_gmt":"2024-10-17T14:58:59","guid":{"rendered":"https:\/\/primeperformpro.com\/?page_id=1248"},"modified":"2026-04-01T15:45:40","modified_gmt":"2026-04-01T15:45:40","slug":"referencias","status":"publish","type":"page","link":"https:\/\/primeperformpro.com\/en\/referencias\/","title":{"rendered":"References"},"content":{"rendered":"<div data-elementor-type=\"wp-page\" data-elementor-id=\"1248\" class=\"elementor elementor-1248\" data-elementor-post-type=\"page\">\n\t\t\t\t\t\t<section class=\"elementor-section elementor-top-section elementor-element elementor-element-9202a30 elementor-section-height-min-height elementor-section-boxed elementor-section-height-default elementor-section-items-middle wpr-particle-no wpr-jarallax-no wpr-parallax-no wpr-sticky-section-no wpr-equal-height-no\" data-id=\"9202a30\" data-element_type=\"section\" data-e-type=\"section\" data-settings=\"{&quot;background_background&quot;:&quot;classic&quot;}\">\n\t\t\t\t\t\t<div class=\"elementor-container elementor-column-gap-default\">\n\t\t\t\t\t<div class=\"elementor-column elementor-col-100 elementor-top-column elementor-element elementor-element-2d9fc6a\" data-id=\"2d9fc6a\" data-element_type=\"column\" data-e-type=\"column\">\n\t\t\t<div class=\"elementor-widget-wrap elementor-element-populated\">\n\t\t\t\t\t\t<div class=\"elementor-element elementor-element-d638426 elementor-widget elementor-widget-heading\" data-id=\"d638426\" data-element_type=\"widget\" data-e-type=\"widget\" data-widget_type=\"heading.default\">\n\t\t\t\t<div class=\"elementor-widget-container\">\n\t\t\t\t\t<h2 class=\"elementor-heading-title elementor-size-default\">Scientific References:<\/h2>\t\t\t\t<\/div>\n\t\t\t\t<\/div>\n\t\t\t\t<section class=\"elementor-section elementor-inner-section elementor-element elementor-element-f8bb98f elementor-section-full_width elementor-section-height-default elementor-section-height-default wpr-particle-no wpr-jarallax-no wpr-parallax-no wpr-sticky-section-no wpr-equal-height-no\" data-id=\"f8bb98f\" data-element_type=\"section\" data-e-type=\"section\">\n\t\t\t\t\t\t<div class=\"elementor-container elementor-column-gap-default\">\n\t\t\t\t\t<div class=\"elementor-column elementor-col-50 elementor-inner-column elementor-element elementor-element-4b14de7\" data-id=\"4b14de7\" data-element_type=\"column\" data-e-type=\"column\">\n\t\t\t<div class=\"elementor-widget-wrap elementor-element-populated\">\n\t\t\t\t\t\t<div class=\"elementor-element elementor-element-f763ce8 elementor-widget elementor-widget-text-editor\" data-id=\"f763ce8\" data-element_type=\"widget\" data-e-type=\"widget\" data-widget_type=\"text-editor.default\">\n\t\t\t\t<div class=\"elementor-widget-container\">\n\t\t\t\t\t\t\t\t\t<p><strong data-start=\"444\" data-end=\"450\">1.<\/strong><br data-start=\"450\" data-end=\"453\" \/>Li, JZ, Maguire, TA, Zou, KH, Lee, LJ, Donde, SS, &amp; Taylor, DG (2022). <em data-start=\"542\" data-end=\"657\">Prevalence, Comorbidities, and Risk Factors of Erectile Dysfunction: Results from a Prospective Real-World Study.<\/em><br data-start=\"657\" data-end=\"660\" \/><a class=\"decorated-link\" href=\"https:\/\/pubmed.ncbi.nlm.nih.gov\/35693549\/\" target=\"_new\" rel=\"noopener\" data-start=\"660\" data-end=\"701\">https:\/\/pubmed.ncbi.nlm.nih.gov\/35693549\/<\/a><\/p>\t\t\t\t\t\t\t\t<\/div>\n\t\t\t\t<\/div>\n\t\t\t\t<div class=\"elementor-element elementor-element-2221c33 elementor-widget elementor-widget-text-editor\" data-id=\"2221c33\" data-element_type=\"widget\" data-e-type=\"widget\" data-widget_type=\"text-editor.default\">\n\t\t\t\t<div class=\"elementor-widget-container\">\n\t\t\t\t\t\t\t\t\t<p>Hall, S.A., Shackelton, R., Rosen, R.C., &amp; Araujo, A.B. (2010). <em data-start=\"1046\" data-end=\"1124\">Risk Factors for Incident Erectile Dysfunction among Community-Dwelling Men.<\/em><br data-start=\"1124\" data-end=\"1127\" \/><a class=\"decorated-link\" href=\"https:\/\/pmc.ncbi.nlm.nih.gov\/articles\/PMC3538839\/\" target=\"_new\" rel=\"noopener\" data-start=\"1127\" data-end=\"1176\">https:\/\/pmc.ncbi.nlm.nih.gov\/articles\/PMC3538839\/<\/a><\/p>\t\t\t\t\t\t\t\t<\/div>\n\t\t\t\t<\/div>\n\t\t\t\t<div class=\"elementor-element elementor-element-f97a045 elementor-widget elementor-widget-text-editor\" data-id=\"f97a045\" data-element_type=\"widget\" data-e-type=\"widget\" data-widget_type=\"text-editor.default\">\n\t\t\t\t<div class=\"elementor-widget-container\">\n\t\t\t\t\t\t\t\t\t<p><strong data-start=\"1395\" data-end=\"1401\">3.<\/strong><br data-start=\"1401\" data-end=\"1404\" \/>Ahn, T.Y., Park, J.K., Lee, S.W., et al. (2007). <em data-start=\"1456\" data-end=\"1525\">Prevalence and Risk Factors for Erectile Dysfunction in Korean Men.<\/em><br data-start=\"1525\" data-end=\"1528\" \/><a class=\"decorated-link\" href=\"https:\/\/pubmed.ncbi.nlm.nih.gov\/17635695\/\" target=\"_new\" rel=\"noopener\" data-start=\"1528\" data-end=\"1569\">https:\/\/pubmed.ncbi.nlm.nih.gov\/17635695\/<\/a><\/p>\t\t\t\t\t\t\t\t<\/div>\n\t\t\t\t<\/div>\n\t\t\t\t<div class=\"elementor-element elementor-element-4f2b392 elementor-widget elementor-widget-text-editor\" data-id=\"4f2b392\" data-element_type=\"widget\" data-e-type=\"widget\" data-widget_type=\"text-editor.default\">\n\t\t\t\t<div class=\"elementor-widget-container\">\n\t\t\t\t\t\t\t\t\t<p><strong data-start=\"1765\" data-end=\"1771\">4.<\/strong><br data-start=\"1771\" data-end=\"1774\" \/>Martin-Morales, A., Sanchez-Cruz, JJ, Saenz de Tejada, I., et al. (2001). <em data-start=\"1851\" data-end=\"1927\">Prevalence and Independent Risk Factors for Erectile Dysfunction in Spain.<\/em><br data-start=\"1927\" data-end=\"1930\" \/><a class=\"decorated-link\" href=\"https:\/\/pubmed.ncbi.nlm.nih.gov\/11458070\/\" target=\"_new\" rel=\"noopener\" data-start=\"1930\" data-end=\"1971\">https:\/\/pubmed.ncbi.nlm.nih.gov\/11458070\/<\/a><\/p>\t\t\t\t\t\t\t\t<\/div>\n\t\t\t\t<\/div>\n\t\t\t\t\t<\/div>\n\t\t<\/div>\n\t\t\t\t<div class=\"elementor-column elementor-col-50 elementor-inner-column elementor-element elementor-element-318e630\" data-id=\"318e630\" data-element_type=\"column\" data-e-type=\"column\">\n\t\t\t<div class=\"elementor-widget-wrap elementor-element-populated\">\n\t\t\t\t\t\t<div class=\"elementor-element elementor-element-8ea821e elementor-widget elementor-widget-text-editor\" data-id=\"8ea821e\" data-element_type=\"widget\" data-e-type=\"widget\" data-widget_type=\"text-editor.default\">\n\t\t\t\t<div class=\"elementor-widget-container\">\n\t\t\t\t\t\t\t\t\t<p><strong data-start=\"2197\" data-end=\"2203\">5.<\/strong><br data-start=\"2203\" data-end=\"2206\" \/>Lyngdorf, P., &amp; Hemmingsen, L. (2004). <em data-start=\"2245\" data-end=\"2305\">Epidemiology of Erectile Dysfunction and Its Risk Factors.<\/em><br data-start=\"2305\" data-end=\"2308\" \/><a class=\"decorated-link\" href=\"https:\/\/pubmed.ncbi.nlm.nih.gov\/14973529\/\" target=\"_new\" rel=\"noopener\" data-start=\"2308\" data-end=\"2349\">https:\/\/pubmed.ncbi.nlm.nih.gov\/14973529\/<\/a><\/p>\t\t\t\t\t\t\t\t<\/div>\n\t\t\t\t<\/div>\n\t\t\t\t<div class=\"elementor-element elementor-element-00424f7 elementor-widget elementor-widget-text-editor\" data-id=\"00424f7\" data-element_type=\"widget\" data-e-type=\"widget\" data-widget_type=\"text-editor.default\">\n\t\t\t\t<div class=\"elementor-widget-container\">\n\t\t\t\t\t\t\t\t\t<p><strong data-start=\"2518\" data-end=\"2524\">6.<\/strong><br data-start=\"2524\" data-end=\"2527\" \/>Gupta, B.P., Murad, M.H., Clifton, M.M., Prokop, L., Nehra, A., &amp; Kopecky, S.L. (2011). <em data-start=\"2619\" data-end=\"2762\">The effect of lifestyle modification and cardiovascular risk factor reduction on erectile dysfunction: a systematic review and meta-analysis.<\/em><br data-start=\"2762\" data-end=\"2765\" \/><a class=\"decorated-link\" href=\"https:\/\/www.ncbi.nlm.nih.gov\/books\/NBK81474\/\" target=\"_new\" rel=\"noopener\" data-start=\"2765\" data-end=\"2809\">https:\/\/www.ncbi.nlm.nih.gov\/books\/NBK81474\/<\/a><\/p>\t\t\t\t\t\t\t\t<\/div>\n\t\t\t\t<\/div>\n\t\t\t\t<div class=\"elementor-element elementor-element-aa0acc4 elementor-widget elementor-widget-text-editor\" data-id=\"aa0acc4\" data-element_type=\"widget\" data-e-type=\"widget\" data-widget_type=\"text-editor.default\">\n\t\t\t\t<div class=\"elementor-widget-container\">\n\t\t\t\t\t\t\t\t\t<p><strong data-start=\"3087\" data-end=\"3093\">7.<\/strong><br data-start=\"3093\" data-end=\"3096\" \/>Cho, BL, Kim, YS, Choi, YS, et al. (2003). <em data-start=\"3148\" data-end=\"3219\">Prevalence and Risk Factors for Erectile Dysfunction in Primary Care.<\/em><br data-start=\"3219\" data-end=\"3222\" \/><a class=\"decorated-link\" href=\"https:\/\/pubmed.ncbi.nlm.nih.gov\/14562132\/\" target=\"_new\" rel=\"noopener\" data-start=\"3222\" data-end=\"3263\">https:\/\/pubmed.ncbi.nlm.nih.gov\/14562132\/<\/a><\/p>\t\t\t\t\t\t\t\t<\/div>\n\t\t\t\t<\/div>\n\t\t\t\t<div class=\"elementor-element elementor-element-8fd3364 elementor-widget elementor-widget-text-editor\" data-id=\"8fd3364\" data-element_type=\"widget\" data-e-type=\"widget\" data-widget_type=\"text-editor.default\">\n\t\t\t\t<div class=\"elementor-widget-container\">\n\t\t\t\t\t\t\t\t\t<p><strong data-start=\"3460\" data-end=\"3466\">8.<\/strong><br data-start=\"3466\" data-end=\"3469\" \/>Rink\u016bnien\u0117, E., Gim\u017eauskait\u0117, S., Badarien\u0117, J., et al. (2021). <em data-start=\"3533\" data-end=\"3623\">Prevalence of Erectile Dysfunction and Its Association with Cardiovascular Risk Factors.<\/em><br data-start=\"3623\" data-end=\"3626\" \/><a class=\"decorated-link\" href=\"https:\/\/pubmed.ncbi.nlm.nih.gov\/34684140\/\" target=\"_new\" rel=\"noopener\" data-start=\"3626\" data-end=\"3667\">https:\/\/pubmed.ncbi.nlm.nih.gov\/34684140\/<\/a><\/p>\t\t\t\t\t\t\t\t<\/div>\n\t\t\t\t<\/div>\n\t\t\t\t\t<\/div>\n\t\t<\/div>\n\t\t\t\t\t<\/div>\n\t\t<\/section>\n\t\t\t\t\t<\/div>\n\t\t<\/div>\n\t\t\t\t\t<\/div>\n\t\t<\/section>\n\t\t\t\t<\/div>","protected":false},"excerpt":{"rendered":"<p>Scientific References: 1.Li, J. Z., Maguire, T. A., Zou, K. H., Lee, L. J., Donde, S. S., &amp; Taylor, D. G. (2022). Prevalence, Comorbidities, and Risk Factors of Erectile Dysfunction: Results from a Prospective Real-World Study.https:\/\/pubmed.ncbi.nlm.nih.gov\/35693549\/ Hall, S. A., Shackelton, R., Rosen, R. C., &amp; Araujo, A. B. (2010). Risk Factors for Incident Erectile Dysfunction among Community-Dwelling Men.https:\/\/pmc.ncbi.nlm.nih.gov\/articles\/PMC3538839\/ 3.Ahn, T. Y., Park, J. K., Lee, S. W., et al. (2007). Prevalence and Risk Factors for Erectile Dysfunction in Korean Men.https:\/\/pubmed.ncbi.nlm.nih.gov\/17635695\/ 4.Martin-Morales, A., Sanchez-Cruz, J. J., Saenz de Tejada, I., et al. (2001). Prevalence and Independent Risk Factors for Erectile Dysfunction in Spain.https:\/\/pubmed.ncbi.nlm.nih.gov\/11458070\/ 5.Lyngdorf, P., &amp; Hemmingsen, L. (2004). Epidemiology of Erectile Dysfunction and Its Risk Factors.https:\/\/pubmed.ncbi.nlm.nih.gov\/14973529\/ 6.Gupta, B. P., Murad, M. H., Clifton, M. M., Prokop, L., Nehra, A., &amp; Kopecky, S. L. (2011). The effect of lifestyle modification and cardiovascular risk factor reduction on erectile dysfunction: a systematic review and meta-analysis.https:\/\/www.ncbi.nlm.nih.gov\/books\/NBK81474\/ 7.Cho, B. L., Kim, Y. S., Choi, Y. S., et al. (2003). Prevalence and Risk Factors for Erectile Dysfunction in Primary Care.https:\/\/pubmed.ncbi.nlm.nih.gov\/14562132\/ 8.Rink\u016bnien\u0117, E., Gim\u017eauskait\u0117, S., Badarien\u0117, J., et al. (2021). Prevalence of Erectile Dysfunction and Its Association with Cardiovascular Risk Factors.https:\/\/pubmed.ncbi.nlm.nih.gov\/34684140\/<\/p>","protected":false},"author":1,"featured_media":0,"parent":0,"menu_order":120,"comment_status":"closed","ping_status":"closed","template":"elementor_canvas","meta":{"footnotes":""},"class_list":["post-1248","page","type-page","status-publish","hentry"],"_links":{"self":[{"href":"https:\/\/primeperformpro.com\/en\/wp-json\/wp\/v2\/pages\/1248","targetHints":{"allow":["GET"]}}],"collection":[{"href":"https:\/\/primeperformpro.com\/en\/wp-json\/wp\/v2\/pages"}],"about":[{"href":"https:\/\/primeperformpro.com\/en\/wp-json\/wp\/v2\/types\/page"}],"author":[{"embeddable":true,"href":"https:\/\/primeperformpro.com\/en\/wp-json\/wp\/v2\/users\/1"}],"replies":[{"embeddable":true,"href":"https:\/\/primeperformpro.com\/en\/wp-json\/wp\/v2\/comments?post=1248"}],"version-history":[{"count":3,"href":"https:\/\/primeperformpro.com\/en\/wp-json\/wp\/v2\/pages\/1248\/revisions"}],"predecessor-version":[{"id":4724,"href":"https:\/\/primeperformpro.com\/en\/wp-json\/wp\/v2\/pages\/1248\/revisions\/4724"}],"wp:attachment":[{"href":"https:\/\/primeperformpro.com\/en\/wp-json\/wp\/v2\/media?parent=1248"}],"curies":[{"name":"wp","href":"https:\/\/api.w.org\/{rel}","templated":true}]}}